{"id":256,"date":"2025-04-17T07:12:06","date_gmt":"2025-04-17T07:12:06","guid":{"rendered":"https:\/\/durojet.com\/?page_id=256"},"modified":"2025-04-17T07:13:16","modified_gmt":"2025-04-17T07:13:16","slug":"protection-des-donnees","status":"publish","type":"page","link":"https:\/\/durojet.com\/fr\/protection-des-donnees\/","title":{"rendered":"Protection des donn\u00e9es"},"content":{"rendered":"<h2 data-start=\"196\" data-end=\"216\"><strong data-start=\"196\" data-end=\"216\">Mentions l\u00e9gales<\/strong><\/h2>\n<p class=\"\" data-start=\"218\" data-end=\"278\"><strong data-start=\"218\" data-end=\"278\">Copyright \u00a9 2025 DUROJET S.\u00e0 r.l. Tous droits r\u00e9serv\u00e9s<\/strong><\/p>\n<p class=\"\" data-start=\"280\" data-end=\"326\"><strong data-start=\"280\" data-end=\"305\">\u00c9diteur responsable :<\/strong><br data-start=\"305\" data-end=\"308\" \/>Bernd Schumacher<\/p>\n<p class=\"\" data-start=\"328\" data-end=\"403\"><strong data-start=\"328\" data-end=\"344\">DUROJET s\u00e0rl<\/strong><br data-start=\"344\" data-end=\"347\" \/>38, Duarrefstrooss<br data-start=\"365\" data-end=\"368\" \/>L &#8211; 9990 Weiswampach<br data-start=\"388\" data-end=\"391\" \/>Luxembourg<\/p>\n<p class=\"\" data-start=\"405\" data-end=\"449\">T\u00e9l. : +352 26908699<br data-start=\"425\" data-end=\"428\" \/>Fax : +352 26908747<\/p>\n<p class=\"\" data-start=\"451\" data-end=\"487\"><a rel=\"noopener\" data-start=\"451\" data-end=\"467\">info@durojet.com<\/a><br data-start=\"467\" data-end=\"470\" \/><a class=\"\" href=\"http:\/\/www.durojet.com\" target=\"_new\" rel=\"noopener\" data-start=\"470\" data-end=\"485\">www.durojet.com<\/a><\/p>\n<p class=\"\" data-start=\"489\" data-end=\"508\">ID TVA : LU28555341<\/p>\n<p class=\"\" data-start=\"515\" data-end=\"710\"><strong data-start=\"515\" data-end=\"553\">Site web r\u00e9alis\u00e9 par DigitalVision<br \/>\n<\/strong>4, Am Hock<br data-start=\"566\" data-end=\"569\" \/>L-9991 Weiswampach<br data-start=\"587\" data-end=\"590\" \/><a class=\"\" href=\"http:\/\/www.digitalvision.lu\" target=\"_new\" rel=\"noopener\" data-start=\"590\" data-end=\"610\">www.digitalvision.lu<\/a><br data-start=\"610\" data-end=\"613\" \/>T\u00e9l. : +352 206 011 02<br data-start=\"635\" data-end=\"638\" \/>IBLC : LU31296945<br data-start=\"655\" data-end=\"658\" \/>Matricule : 2019 2436 495<br data-start=\"683\" data-end=\"686\" \/>RCS Luxembourg : B235393<\/p>\n<p class=\"\" data-start=\"717\" data-end=\"1135\"><strong data-start=\"717\" data-end=\"731\">Remarque :<\/strong><br data-start=\"731\" data-end=\"734\" \/>Les textes, images, graphismes, sons, animations et vid\u00e9os ainsi que leur agencement sur ce site Internet sont prot\u00e9g\u00e9s par le droit d\u2019auteur et d\u2019autres lois sur la protection de la propri\u00e9t\u00e9 intellectuelle. Le contenu de ce site ne peut \u00eatre copi\u00e9, diffus\u00e9, modifi\u00e9 ou rendu accessible \u00e0 des tiers \u00e0 des fins commerciales. Ce site contient \u00e9galement des images soumises aux droits d\u2019auteur de tiers.<\/p>\n<p class=\"\" data-start=\"1137\" data-end=\"1435\">Ce site web a \u00e9t\u00e9 \u00e9labor\u00e9 avec le plus grand soin. N\u00e9anmoins, l\u2019\u00e9diteur responsable et les producteurs ne garantissent pas l\u2019exactitude ou l\u2019absence d\u2019erreurs des informations fournies. Ils d\u00e9clinent toute responsabilit\u00e9 pour les dommages directs ou indirects r\u00e9sultant de l\u2019utilisation de ce site.<\/p>\n<p class=\"\" data-start=\"1442\" data-end=\"1785\"><strong data-start=\"1442\" data-end=\"1468\">Droits d\u2019utilisation :<\/strong><br data-start=\"1468\" data-end=\"1471\" \/>La propri\u00e9t\u00e9 intellectuelle pr\u00e9sente sur ce site est prot\u00e9g\u00e9e. La publication du site ne constitue pas une licence d\u2019utilisation au profit de tiers.<br data-start=\"1619\" data-end=\"1622\" \/>Les producteurs ne peuvent \u00eatre tenus responsables des contenus saisis par le client ou ses r\u00e9dacteurs (textes, images, liens, y compris les droits d\u2019utilisation).<\/p>\n<h2>Protection des donn\u00e9es<\/h2>\n<p class=\"\" data-start=\"1819\" data-end=\"1966\">Nous prenons la protection de vos donn\u00e9es personnelles tr\u00e8s au s\u00e9rieux. Nous traitons vos donn\u00e9es conform\u00e9ment aux dispositions l\u00e9gales en vigueur.<\/p>\n<p class=\"\" data-start=\"1968\" data-end=\"2139\">Veuillez noter que la transmission de donn\u00e9es sur Internet peut comporter des failles de s\u00e9curit\u00e9. Une protection compl\u00e8te contre l\u2019acc\u00e8s par des tiers n\u2019est pas possible.<\/p>\n<h3 class=\"\" data-start=\"2146\" data-end=\"2165\">Donn\u00e9es d\u2019acc\u00e8s<\/h3>\n<p class=\"\" data-start=\"2167\" data-end=\"2327\">Lors de votre visite sur notre site, des donn\u00e9es d\u2019acc\u00e8s sont collect\u00e9es et enregistr\u00e9es sous forme de \u00ab fichiers journaux du serveur \u00bb. Cela inclut notamment :<\/p>\n<ul data-start=\"2329\" data-end=\"2536\">\n<li class=\"\" data-start=\"2329\" data-end=\"2358\">\n<p class=\"\" data-start=\"2331\" data-end=\"2358\">Pages\/chapitres consult\u00e9s<\/p>\n<\/li>\n<li class=\"\" data-start=\"2359\" data-end=\"2387\">\n<p class=\"\" data-start=\"2361\" data-end=\"2387\">Date et heure de l\u2019acc\u00e8s<\/p>\n<\/li>\n<li class=\"\" data-start=\"2388\" data-end=\"2413\">\n<p class=\"\" data-start=\"2390\" data-end=\"2413\">Dur\u00e9e de consultation<\/p>\n<\/li>\n<li class=\"\" data-start=\"2414\" data-end=\"2450\">\n<p class=\"\" data-start=\"2416\" data-end=\"2450\">Source\/r\u00e9f\u00e9rent (site d\u2019origine)<\/p>\n<\/li>\n<li class=\"\" data-start=\"2451\" data-end=\"2473\">\n<p class=\"\" data-start=\"2453\" data-end=\"2473\">Navigateur utilis\u00e9<\/p>\n<\/li>\n<li class=\"\" data-start=\"2474\" data-end=\"2500\">\n<p class=\"\" data-start=\"2476\" data-end=\"2500\">Syst\u00e8me d\u2019exploitation<\/p>\n<\/li>\n<li class=\"\" data-start=\"2501\" data-end=\"2515\">\n<p class=\"\" data-start=\"2503\" data-end=\"2515\">Adresse IP<\/p>\n<\/li>\n<li class=\"\" data-start=\"2516\" data-end=\"2536\">\n<p class=\"\" data-start=\"2518\" data-end=\"2536\">Mots-cl\u00e9s utilis\u00e9s<\/p>\n<\/li>\n<\/ul>\n<p class=\"\" data-start=\"2538\" data-end=\"2771\">Ces donn\u00e9es sont utilis\u00e9es uniquement \u00e0 des fins statistiques et pour am\u00e9liorer le site. Nous d\u00e9clinons toute responsabilit\u00e9 concernant le contenu et la politique de confidentialit\u00e9 des sites vers lesquels nous \u00e9tablissons des liens.<\/p>\n<h3 class=\"\" data-start=\"2778\" data-end=\"2789\">Cookies<\/h3>\n<p class=\"\" data-start=\"2791\" data-end=\"2925\">Ce site utilise des cookies, de petits fichiers texte stock\u00e9s sur votre appareil. Ils permettent d\u2019am\u00e9liorer l\u2019exp\u00e9rience utilisateur.<\/p>\n<p class=\"\" data-start=\"2927\" data-end=\"3047\">Lors de votre visite, vous pouvez d\u00e9cider via l\u2019outil Axeptio si vous souhaitez autoriser certains ou tous les cookies :<\/p>\n<ul data-start=\"3049\" data-end=\"3278\">\n<li class=\"\" data-start=\"3049\" data-end=\"3129\">\n<p class=\"\" data-start=\"3051\" data-end=\"3129\"><strong data-start=\"3051\" data-end=\"3067\">\u00ab\u00a0Non, merci\u00a0\u00bb<\/strong> : seuls les cookies techniquement n\u00e9cessaires sont activ\u00e9s.<\/p>\n<\/li>\n<li class=\"\" data-start=\"3130\" data-end=\"3223\">\n<p class=\"\" data-start=\"3132\" data-end=\"3223\"><strong data-start=\"3132\" data-end=\"3153\">\u00ab\u00a0Je veux choisir\u00a0\u00bb<\/strong> : vous choisissez manuellement les cat\u00e9gories de cookies \u00e0 activer.<\/p>\n<\/li>\n<li class=\"\" data-start=\"3224\" data-end=\"3278\">\n<p class=\"\" data-start=\"3226\" data-end=\"3278\"><strong data-start=\"3226\" data-end=\"3245\">\u00ab\u00a0Tout accepter\u00a0\u00bb<\/strong> : tous les cookies sont activ\u00e9s.<\/p>\n<\/li>\n<\/ul>\n<p class=\"\" data-start=\"3280\" data-end=\"3369\">Vous pouvez \u00e0 tout moment modifier vos pr\u00e9f\u00e9rences via l\u2019ic\u00f4ne de cookies en bas de page.<\/p>\n<h3 class=\"\" data-start=\"3376\" data-end=\"3413\">Traitement des donn\u00e9es de contact<\/h3>\n<p class=\"\" data-start=\"3415\" data-end=\"3724\">Si vous nous contactez (par exemple pour une demande), les informations transmises sont enregistr\u00e9es pour le traitement de votre demande.<br data-start=\"3552\" data-end=\"3555\" \/>Nous nous engageons \u00e0 ne pas transmettre vos donn\u00e9es personnelles \u00e0 des tiers. Ces donn\u00e9es incluent tout ce qui permet de vous identifier (nom, e-mail, t\u00e9l\u00e9phone, etc.).<\/p>\n<h3 class=\"\" data-start=\"3731\" data-end=\"3802\">Droits de l\u2019utilisateur : information, rectification et suppression<\/h3>\n<p class=\"\" data-start=\"3804\" data-end=\"4047\">Vous avez le droit d\u2019obtenir gratuitement, sur demande, des informations sur les donn\u00e9es personnelles que nous d\u00e9tenons \u00e0 votre sujet.<br data-start=\"3938\" data-end=\"3941\" \/>Sauf obligation l\u00e9gale de conservation, vous avez \u00e9galement le droit de corriger ou supprimer vos donn\u00e9es.<\/p>\n<h2 data-start=\"4054\" data-end=\"4086\"><\/h2>\n<h2 class=\"\" data-start=\"4054\" data-end=\"4086\">Conditions g\u00e9n\u00e9rales de vente<\/h2>\n<p>Article 1 :<br \/>\nNos factures sont payables au comptant, dans un d\u00e9lai de 30 jours, sans escompte ni autres r\u00e9ductions ou ristournes, \u00e0 notre adresse ou si\u00e8ge social. Nos pr\u00e9pos\u00e9s ne sont pas autoris\u00e9s \u00e0 r\u00e9ceptionner des paiements. En cas de non-paiement \u00e0 l\u00b4\u00e9ch\u00e9ance, le client nous est redevable, de plein droit, et sans mise en demeure, conform\u00e9ment \u00e0 la loi modifi\u00e9e du 18 avril 2004, d\u00b4un int\u00e9r\u00eat de retard au taux l\u00e9gal en vigueur pour des transactions entre commer\u00e7ants (actuellement 8,05 % p.A.), ainsi que d\u00b4une indemnit\u00e9 forfaitaire de 40,00 EUR, pour couvrir les frais de recouvrement engag\u00e9s par le cr\u00e9ancier et sans pr\u00e9judice du droit du cr\u00e9ancier de mettre \u00e0 charge du client des frais suppl\u00e9mentaires occasionn\u00e9s par le retard du paiement.<\/p>\n<p>Article 2 :<br \/>\nLa propri\u00e9t\u00e9 des biens livr\u00e9s n\u00b4est transf\u00e9r\u00e9e au client qu\u00b4apr\u00e8s paiement\u00a0 int\u00e9gral du prix vente, des frais accessoires et taxes. En revanche, le transfert des risques au client aura lieu au moment de la livraison. Ce dernier s\u00b4interdit d\u00b4ali\u00e9ner, de donner en gage, y compris le gage\u00a0 sur fonds de commerce, ou de diminuer autrement la valeur du bien. Le Client maintient le bien en parfait \u00e9tat. Lorsque le Client aura n\u00e9anmoins ali\u00e9n\u00e9 le bien, sa cr\u00e9ance\u00a0 sur son d\u00e9biteur sera automatiquement et inconditionnellement c\u00e9d\u00e9e \u00e0 nous.<br \/>\nEn cas de non-paiement d\u00b4une ou de plusieurs \u00e9ch\u00e9ances, nous sommes en droit de r\u00e9cup\u00e9rer notre propri\u00e9t\u00e9. Le client s\u00b4engage \u00e0 ne pas s\u00b4opposer \u00e0 cette r\u00e9cup\u00e9ration et \u00e0 nous rendre le bien d\u00e8s mise en demeure.<br \/>\nEn cas de r\u00e9cup\u00e9ration du bien, le contrat est r\u00e9sili\u00e9 de plein droit et prend fin pour le futur. Le Client s\u00b4engage \u00e0 nous indemniser pour la diminution de la valeur subie par le bien, y compris l\u00b4utilisation et l\u00b4usure normale, la d\u00e9t\u00e9rioration ou la destruction et les frais de r\u00e9cup\u00e9ration ainsi qu\u00b4\u00e0 nous r\u00e9mun\u00e9rer, selon les prix habituellement pratiqu\u00e9s, l\u00b4usage qu\u00b4il avait de la chose. Pour nous faire indemniser, nous sommes en droit de nous servir sur la partie du prix d\u00e9j\u00e0 pay\u00e9e par le client, lequel ne saurait en exiger restitution que si nous ont \u00e9t\u00e9 indemnis\u00e9s du pr\u00e9judice subi.<br \/>\nLe client s\u00b4engage \u00e0 ce que les acc\u00e8s au chantier soient lib\u00e9r\u00e9s afin que la livraison du bien soit possible sans difficult\u00e9.<\/p>\n<p>Article 3 :<br \/>\nLes dates de d\u00e9but et de fin des travaux\/ de la livraison sont donn\u00e9es titre indicatif. Leur d\u00e9passement ne donnera jamais lieu \u00e0 la dissolution du contrat, ni au payement d\u00b4une indemnit\u00e9 ou \u00e0 toute autre revendication de la part du Client. Nos devis et offres de prix nous lient uniquement pendant un d\u00e9lai de 30 jours (\u00e0 partir de leur \u00e9tablissement) et ne sont valables qu\u00b4apr\u00e8s leur signature par le g\u00e9rant ou l\u00b4administrateur de notre soci\u00e9t\u00e9.<\/p>\n<p>Article 4 :<br \/>\nLe client doit nous signaler les vices apparents dans un d\u00e9lai de 48 heures suivant la livraison et\/ou l\u00b4installation. Notre responsabilit\u00e9 se limite toutefois au remplacement des produits concern\u00e9s, \u00e0 l\u00b4exclusion de tous frais ou indemnit\u00e9s quelconques. Les vices doivent \u00eatre port\u00e9s \u00e0 notre connaissance, imm\u00e9diatement apr\u00e8s leur d\u00e9couverte, \u00e0 peine de d\u00e9ch\u00e9ance, et leur d\u00e9claration doit \u00eatre accompagn\u00e9e d\u00b4une description pr\u00e9cise et d\u00e9taill\u00e9e des griefs.<\/p>\n<p>Article 5 :<br \/>\nSi le client refuse la commande ou que le travail ne peut pas \u00eatre ex\u00e9cut\u00e9, en toute en en partie, en raison de ce comportement, il nous est redevable\u00a0 d\u00b4une indemnit\u00e9 forfaitaire de 20 % du montant total du travail\/du bien, sans que nous serons oblig\u00e9s d\u00b4apporter la preuve de la perte\/du dommage et sous r\u00e9serve du droit d\u00b4apporter la preuve d\u00b4une perte\/d\u00b4un dommage plus \u00e9lev\u00e9.<\/p>\n<p>Article 6 :<br \/>\nNous sommes en aucun cas responsables du dommage caus\u00e9 par notre faute l\u00e9g\u00e8re ou n\u00e9gligence ou par celle de nos pr\u00e9pos\u00e9s. Toutefois, si le dommage r\u00e9sulte d\u00b4un dol de notre part, nous sommes responsables pour les dommages qui sont en relation directe avec ledit comportement fautif.<\/p>\n<p>Article 7 :<br \/>\nSauf convention contraire, le co\u00fbt de mesures suppl\u00e9mentaires impos\u00e9es par le coordinateur de s\u00e9curit\u00e9 ne fait pas partie de nos devis et sera factur\u00e9 s\u00e9par\u00e9ment au client.<\/p>\n<p>Article 8 :<br \/>\nEn cas de conclusion d\u00b4un contrat d\u00b4entreprise, nos offres de prix et nos conditions g\u00e9n\u00e9rales en feront partie int\u00e9grante. En cas de\u00a0 contradiction, elles priment sur les conditions contenues dans\u00a0 ledit contrat d\u00b4entreprise. Les clauses de ce contrat qui excluraient ou limiteraient l\u00b4application de nos conditions g\u00e9n\u00e9rales sont nulles.<\/p>\n<p>Article 9 :<br \/>\nLa nullit\u00e9 \u00e9ventuelle d\u00b4une de plusieurs clauses des pr\u00e9sentes conditions g\u00e9n\u00e9rales de vente n\u00b4affecte en rien la validit\u00e9 des autres clauses des pr\u00e9sentes conditions ou de contrat lui-m\u00eame.<\/p>\n<p>Articles 10 :<br \/>\nLe droit luxembourgeois s\u00b4applique \u00e0 tous nos rapports juridiques. En cas de litige, la justice de paix et les tribunaux de notre domicile ou si\u00e8ge social seront prioritairement comp\u00e9tents.<\/p>\n","protected":false},"excerpt":{"rendered":"<p>Mentions l\u00e9gales Copyright \u00a9 2025 DUROJET S.\u00e0 r.l. Tous droits r\u00e9serv\u00e9s \u00c9diteur responsable :Bernd Schumacher DUROJET s\u00e0rl38, DuarrefstroossL &#8211; 9990 WeiswampachLuxembourg T\u00e9l. : +352 26908699Fax : +352 26908747 info@durojet.comwww.durojet.com ID TVA : LU28555341 Site web r\u00e9alis\u00e9 par DigitalVision 4, Am HockL-9991 Weiswampachwww.digitalvision.luT\u00e9l. : +352 206 011 02IBLC : LU31296945Matricule : 2019 2436 495RCS Luxembourg : [&hellip;]<\/p>\n","protected":false},"author":1,"featured_media":0,"parent":0,"menu_order":0,"comment_status":"closed","ping_status":"closed","template":"","meta":{"_acf_changed":false,"footnotes":""},"class_list":["post-256","page","type-page","status-publish","hentry"],"acf":[],"yoast_head":"<!-- This site is optimized with the Yoast SEO plugin v24.9 - https:\/\/yoast.com\/wordpress\/plugins\/seo\/ -->\n<title>Protection des donn\u00e9es - Werkzeuge f\u00fcr Rohrreinigung, Kanalreinigung &amp; Kanaltechnik<\/title>\n<meta name=\"robots\" content=\"index, follow, max-snippet:-1, max-image-preview:large, max-video-preview:-1\" \/>\n<link rel=\"canonical\" href=\"https:\/\/durojet.com\/fr\/protection-des-donnees\/\" \/>\n<meta property=\"og:locale\" content=\"fr_FR\" \/>\n<meta property=\"og:type\" content=\"article\" \/>\n<meta property=\"og:title\" content=\"Protection des donn\u00e9es - Werkzeuge f\u00fcr Rohrreinigung, Kanalreinigung &amp; Kanaltechnik\" \/>\n<meta property=\"og:description\" content=\"Mentions l\u00e9gales Copyright \u00a9 2025 DUROJET S.\u00e0 r.l. Tous droits r\u00e9serv\u00e9s \u00c9diteur responsable :Bernd Schumacher DUROJET s\u00e0rl38, DuarrefstroossL &#8211; 9990 WeiswampachLuxembourg T\u00e9l. : +352 26908699Fax : +352 26908747 info@durojet.comwww.durojet.com ID TVA : LU28555341 Site web r\u00e9alis\u00e9 par DigitalVision 4, Am HockL-9991 Weiswampachwww.digitalvision.luT\u00e9l. : +352 206 011 02IBLC : LU31296945Matricule : 2019 2436 495RCS Luxembourg : [&hellip;]\" \/>\n<meta property=\"og:url\" content=\"https:\/\/durojet.com\/fr\/protection-des-donnees\/\" \/>\n<meta property=\"og:site_name\" content=\"Werkzeuge f\u00fcr Rohrreinigung, Kanalreinigung &amp; Kanaltechnik\" \/>\n<meta property=\"article:modified_time\" content=\"2025-04-17T07:13:16+00:00\" \/>\n<meta name=\"twitter:card\" content=\"summary_large_image\" \/>\n<meta name=\"twitter:label1\" content=\"Dur\u00e9e de lecture estim\u00e9e\" \/>\n\t<meta name=\"twitter:data1\" content=\"7 minutes\" \/>\n<script type=\"application\/ld+json\" class=\"yoast-schema-graph\">{\"@context\":\"https:\/\/schema.org\",\"@graph\":[{\"@type\":\"WebPage\",\"@id\":\"https:\/\/durojet.com\/fr\/protection-des-donnees\/\",\"url\":\"https:\/\/durojet.com\/fr\/protection-des-donnees\/\",\"name\":\"Protection des donn\u00e9es - Werkzeuge f\u00fcr Rohrreinigung, Kanalreinigung &amp; Kanaltechnik\",\"isPartOf\":{\"@id\":\"https:\/\/durojet.com\/fr\/#website\"},\"datePublished\":\"2025-04-17T07:12:06+00:00\",\"dateModified\":\"2025-04-17T07:13:16+00:00\",\"breadcrumb\":{\"@id\":\"https:\/\/durojet.com\/fr\/protection-des-donnees\/#breadcrumb\"},\"inLanguage\":\"fr-FR\",\"potentialAction\":[{\"@type\":\"ReadAction\",\"target\":[\"https:\/\/durojet.com\/fr\/protection-des-donnees\/\"]}]},{\"@type\":\"BreadcrumbList\",\"@id\":\"https:\/\/durojet.com\/fr\/protection-des-donnees\/#breadcrumb\",\"itemListElement\":[{\"@type\":\"ListItem\",\"position\":1,\"name\":\"Home\",\"item\":\"https:\/\/durojet.com\/fr\/\"},{\"@type\":\"ListItem\",\"position\":2,\"name\":\"Protection des donn\u00e9es\"}]},{\"@type\":\"WebSite\",\"@id\":\"https:\/\/durojet.com\/fr\/#website\",\"url\":\"https:\/\/durojet.com\/fr\/\",\"name\":\"Werkzeuge f\u00fcr Rohrreinigung, Kanalreinigung &amp; Kanaltechnik\",\"description\":\"\",\"potentialAction\":[{\"@type\":\"SearchAction\",\"target\":{\"@type\":\"EntryPoint\",\"urlTemplate\":\"https:\/\/durojet.com\/fr\/?s={search_term_string}\"},\"query-input\":{\"@type\":\"PropertyValueSpecification\",\"valueRequired\":true,\"valueName\":\"search_term_string\"}}],\"inLanguage\":\"fr-FR\"}]}<\/script>\n<!-- \/ Yoast SEO plugin. -->","yoast_head_json":{"title":"Protection des donn\u00e9es - Werkzeuge f\u00fcr Rohrreinigung, Kanalreinigung &amp; Kanaltechnik","robots":{"index":"index","follow":"follow","max-snippet":"max-snippet:-1","max-image-preview":"max-image-preview:large","max-video-preview":"max-video-preview:-1"},"canonical":"https:\/\/durojet.com\/fr\/protection-des-donnees\/","og_locale":"fr_FR","og_type":"article","og_title":"Protection des donn\u00e9es - Werkzeuge f\u00fcr Rohrreinigung, Kanalreinigung &amp; Kanaltechnik","og_description":"Mentions l\u00e9gales Copyright \u00a9 2025 DUROJET S.\u00e0 r.l. Tous droits r\u00e9serv\u00e9s \u00c9diteur responsable :Bernd Schumacher DUROJET s\u00e0rl38, DuarrefstroossL &#8211; 9990 WeiswampachLuxembourg T\u00e9l. : +352 26908699Fax : +352 26908747 info@durojet.comwww.durojet.com ID TVA : LU28555341 Site web r\u00e9alis\u00e9 par DigitalVision 4, Am HockL-9991 Weiswampachwww.digitalvision.luT\u00e9l. : +352 206 011 02IBLC : LU31296945Matricule : 2019 2436 495RCS Luxembourg : [&hellip;]","og_url":"https:\/\/durojet.com\/fr\/protection-des-donnees\/","og_site_name":"Werkzeuge f\u00fcr Rohrreinigung, Kanalreinigung &amp; Kanaltechnik","article_modified_time":"2025-04-17T07:13:16+00:00","twitter_card":"summary_large_image","twitter_misc":{"Dur\u00e9e de lecture estim\u00e9e":"7 minutes"},"schema":{"@context":"https:\/\/schema.org","@graph":[{"@type":"WebPage","@id":"https:\/\/durojet.com\/fr\/protection-des-donnees\/","url":"https:\/\/durojet.com\/fr\/protection-des-donnees\/","name":"Protection des donn\u00e9es - Werkzeuge f\u00fcr Rohrreinigung, Kanalreinigung &amp; Kanaltechnik","isPartOf":{"@id":"https:\/\/durojet.com\/fr\/#website"},"datePublished":"2025-04-17T07:12:06+00:00","dateModified":"2025-04-17T07:13:16+00:00","breadcrumb":{"@id":"https:\/\/durojet.com\/fr\/protection-des-donnees\/#breadcrumb"},"inLanguage":"fr-FR","potentialAction":[{"@type":"ReadAction","target":["https:\/\/durojet.com\/fr\/protection-des-donnees\/"]}]},{"@type":"BreadcrumbList","@id":"https:\/\/durojet.com\/fr\/protection-des-donnees\/#breadcrumb","itemListElement":[{"@type":"ListItem","position":1,"name":"Home","item":"https:\/\/durojet.com\/fr\/"},{"@type":"ListItem","position":2,"name":"Protection des donn\u00e9es"}]},{"@type":"WebSite","@id":"https:\/\/durojet.com\/fr\/#website","url":"https:\/\/durojet.com\/fr\/","name":"Werkzeuge f\u00fcr Rohrreinigung, Kanalreinigung &amp; Kanaltechnik","description":"","potentialAction":[{"@type":"SearchAction","target":{"@type":"EntryPoint","urlTemplate":"https:\/\/durojet.com\/fr\/?s={search_term_string}"},"query-input":{"@type":"PropertyValueSpecification","valueRequired":true,"valueName":"search_term_string"}}],"inLanguage":"fr-FR"}]}},"_links":{"self":[{"href":"https:\/\/durojet.com\/fr\/wp-json\/wp\/v2\/pages\/256","targetHints":{"allow":["GET"]}}],"collection":[{"href":"https:\/\/durojet.com\/fr\/wp-json\/wp\/v2\/pages"}],"about":[{"href":"https:\/\/durojet.com\/fr\/wp-json\/wp\/v2\/types\/page"}],"author":[{"embeddable":true,"href":"https:\/\/durojet.com\/fr\/wp-json\/wp\/v2\/users\/1"}],"replies":[{"embeddable":true,"href":"https:\/\/durojet.com\/fr\/wp-json\/wp\/v2\/comments?post=256"}],"version-history":[{"count":2,"href":"https:\/\/durojet.com\/fr\/wp-json\/wp\/v2\/pages\/256\/revisions"}],"predecessor-version":[{"id":258,"href":"https:\/\/durojet.com\/fr\/wp-json\/wp\/v2\/pages\/256\/revisions\/258"}],"wp:attachment":[{"href":"https:\/\/durojet.com\/fr\/wp-json\/wp\/v2\/media?parent=256"}],"curies":[{"name":"wp","href":"https:\/\/api.w.org\/{rel}","templated":true}]}}